{"id":10,"date":"2012-03-18T16:05:05","date_gmt":"2012-03-18T16:05:05","guid":{"rendered":"http:\/\/lesplantesdedamien.fr\/?page_id=10"},"modified":"2012-03-23T20:49:22","modified_gmt":"2012-03-23T20:49:22","slug":"presentation-de-lauteur","status":"publish","type":"page","link":"http:\/\/lesplantesdedamien.fr\/?page_id=10","title":{"rendered":"Pourquoi ce site?"},"content":{"rendered":"<p>Quel avenir pour la phytoth\u00e9rapie?<\/p>\n<p>Un int\u00e9r\u00eat croissant est port\u00e9 vers les <strong>traitements \u00e0 base de produits naturels <\/strong>et notamment de plantes. La m\u00e9decine occidentale nous inonde de <strong>nouveaux m\u00e9dicaments toujours plus chers<\/strong> dont on sait que peu de gens pourront en b\u00e9n\u00e9ficier et que le syst\u00e8me  d\u2019assurance maladie a de plus en plus de mal \u00e0 supporter les co\u00fbts  exorbitants de cette m\u00e9decine tr\u00e8s technologique. De plus, la<strong> crise \u00e9cologique<\/strong> que nous vivons avec la rar\u00e9faction des ressources naturelles nous fait  prendre conscience de la n\u00e9cessit\u00e9 de garder un contact avec le monde  vivant. <strong>Le d\u00e9veloppement de la th\u00e9rapeutique par les plantes nous permet de faire un pas vers cette nature abandonn\u00e9e<\/strong>.<\/p>\n<p>Comment int\u00e9grer cette vision de la sant\u00e9 avec les connaissances de la m\u00e9decine moderne?<\/p>\n<p>Il n\u2019est pas question de revenir \u00e0 une m\u00e9decine moyen-\u00e2geuse qui ne prendrait pas en compte les connaissances acquises.<\/p>\n<p>Je vois fleurir sur la toile des sites \u00absp\u00e9cialis\u00e9s\u00bb qui proposent des produits de phytoth\u00e9rapie et des huiles essentielles, <strong>sans que ces produits disposent du statut de m\u00e9dicament<\/strong>. Mais <strong>quels sont les risques associ\u00e9s \u00e0 l\u2019usage de ces plantes? Comment rendre cr\u00e9dible cette m\u00e9thode de soin<\/strong> simple, \u00e9conomique et accessible \u00e0 tous? Quelle place la <strong>recherche scientifique<\/strong>, publique ou priv\u00e9, peut-elle accorder \u00e0 cette probl\u00e9matique? <strong>Quels enseignements peuvent nous apporter les soci\u00e9t\u00e9s<\/strong> qui ont conserv\u00e9 un mode de vie li\u00e9 \u00e0 la nature? Autant de questions que je me propose de mettre en d\u00e9bat dans ce site.<\/p>\n<p>Des fiches pratiques sur les plantes<\/p>\n<p>L\u2019objectif de ce site est de proposer des fiches pratiques sur les plantes, comportant des <strong>informations scientifiques et r\u00e9glementaires<\/strong>, et montrer qu\u2019<strong>une seule plante peut avoir de multiples usages&#8230;<\/strong><\/p>\n<p><a href=\"http:\/\/lesplantesdedamien.fr\/wp-content\/uploads\/2012\/03\/IMG_0209.jpg\"><img loading=\"lazy\" decoding=\"async\" class=\"aligncenter size-medium wp-image-12\" title=\"H\u00eatre centenaire\" src=\"http:\/\/lesplantesdedamien.fr\/wp-content\/uploads\/2012\/03\/IMG_0209-225x300.jpg\" alt=\"\" width=\"225\" height=\"300\" srcset=\"http:\/\/lesplantesdedamien.fr\/wp-content\/uploads\/2012\/03\/IMG_0209-225x300.jpg 225w, http:\/\/lesplantesdedamien.fr\/wp-content\/uploads\/2012\/03\/IMG_0209-768x1024.jpg 768w, http:\/\/lesplantesdedamien.fr\/wp-content\/uploads\/2012\/03\/IMG_0209-261x348.jpg 261w, http:\/\/lesplantesdedamien.fr\/wp-content\/uploads\/2012\/03\/IMG_0209-688x917.jpg 688w, http:\/\/lesplantesdedamien.fr\/wp-content\/uploads\/2012\/03\/IMG_0209.jpg 1536w\" sizes=\"auto, (max-width: 225px) 100vw, 225px\" \/><\/a><\/p>\n","protected":false},"excerpt":{"rendered":"<p>Quel avenir pour la phytoth\u00e9rapie? Un int\u00e9r\u00eat croissant est port\u00e9 vers les traitements \u00e0 base de produits naturels et notamment de plantes. La m\u00e9decine occidentale nous inonde de nouveaux m\u00e9dicaments toujours plus chers dont on sait que peu de gens pourront en b\u00e9n\u00e9ficier et que le syst\u00e8me d\u2019assurance maladie a de plus en plus de [&hellip;]<\/p>\n","protected":false},"author":1,"featured_media":0,"parent":0,"menu_order":0,"comment_status":"open","ping_status":"open","template":"","meta":{"footnotes":""},"class_list":["post-10","page","type-page","status-publish","hentry"],"_links":{"self":[{"href":"http:\/\/lesplantesdedamien.fr\/index.php?rest_route=\/wp\/v2\/pages\/10","targetHints":{"allow":["GET"]}}],"collection":[{"href":"http:\/\/lesplantesdedamien.fr\/index.php?rest_route=\/wp\/v2\/pages"}],"about":[{"href":"http:\/\/lesplantesdedamien.fr\/index.php?rest_route=\/wp\/v2\/types\/page"}],"author":[{"embeddable":true,"href":"http:\/\/lesplantesdedamien.fr\/index.php?rest_route=\/wp\/v2\/users\/1"}],"replies":[{"embeddable":true,"href":"http:\/\/lesplantesdedamien.fr\/index.php?rest_route=%2Fwp%2Fv2%2Fcomments&post=10"}],"version-history":[{"count":3,"href":"http:\/\/lesplantesdedamien.fr\/index.php?rest_route=\/wp\/v2\/pages\/10\/revisions"}],"predecessor-version":[{"id":80,"href":"http:\/\/lesplantesdedamien.fr\/index.php?rest_route=\/wp\/v2\/pages\/10\/revisions\/80"}],"wp:attachment":[{"href":"http:\/\/lesplantesdedamien.fr\/index.php?rest_route=%2Fwp%2Fv2%2Fmedia&parent=10"}],"curies":[{"name":"wp","href":"https:\/\/api.w.org\/{rel}","templated":true}]}}